{"id":5190,"date":"2025-04-09T14:03:12","date_gmt":"2025-04-09T12:03:12","guid":{"rendered":"https:\/\/www.bessac.com\/?page_id=5190"},"modified":"2025-09-16T15:41:17","modified_gmt":"2025-09-16T13:41:17","slug":"menciones-legales","status":"publish","type":"page","link":"https:\/\/www.bessac.com\/es\/menciones-legales\/","title":{"rendered":"Menciones legales"},"content":{"rendered":"<div class=\"fusion-fullwidth fullwidth-box fusion-builder-row-1 nonhundred-percent-fullwidth non-hundred-percent-height-scrolling\" style=\"--awb-border-radius-top-left:0px;--awb-border-radius-top-right:0px;--awb-border-radius-bottom-right:0px;--awb-border-radius-bottom-left:0px;--awb-flex-wrap:wrap;\" ><div class=\"fusion-builder-row fusion-row\"><div class=\"fusion-layout-column fusion_builder_column fusion-builder-column-0 fusion_builder_column_1_1 1_1 fusion-one-full fusion-column-first fusion-column-last\" style=\"--awb-bg-size:cover;--awb-margin-top:0px;--awb-margin-bottom:0px;\"><div class=\"fusion-column-wrapper fusion-flex-column-wrapper-legacy\"><div class=\"fusion-text fusion-text-1\"><div class=\"sf-mention-premier-block-wrapper sf-mention-block-wrapper\">\n<p><b>Director de Publicaci\u00f3n: <\/b>Dominique Mazzieri<\/p>\n<p><b>Editor:<\/b><\/p>\n<p>El sitio web Bessac es propiedad de Soletanche Freyssinet, una sociedad por acciones simplificada (SAS) con un capital de 214.265.025 euros, inscrita en el Registro Mercantil de Nanterre con el n\u00famero 562 134 544, cuya sede social se encuentra en 280, avenue Napol\u00e9on Bonaparte 92500 RUEIL MALMAISON \u2013 Francia \u2013 Tel.: +33 (0)1 47 76 42 62<\/p>\n<p>N\u00famero de identificaci\u00f3n del IVA: FR 56 562 134 544<\/p>\n<p><b>Agencia de alojamiento<\/b><\/p>\n<p>OVH<\/p>\n<p>2 rue Kellerman<\/p>\n<p>59100 Roubaix<\/p>\n<p>Francia<\/p>\n<p>Tel\u00e9fono: +33 (0)9 72 10 10 07<\/p>\n<p>Fax: +33 (0)3 20 20 09 58<\/p>\n<p>Correo electr\u00f3nico: support@ovh.com<\/p>\n<p><b>Agencia web<\/b><\/p>\n<p>Nicolas Laustriat (Poleetic \/ Experto en Google My Business)<\/p>\n<p>12 clos guillaume<\/p>\n<p>78870 Bailly<\/p>\n<p>Francia<\/p>\n<p>Tel.: +33 (0) 6 17 01 26 77<\/p>\n<p><b>Condiciones generales de acceso y uso<\/b><\/p>\n<p>El sitio www.bessac.com tiene como finalidad proporcionar informaci\u00f3n sobre Bessac y las sociedades que lo componen, tanto a los empleados del Editor como a cualquier p\u00fablico profesional o privado que desee conocer la marca y sus logros (los \u201cusuarios\u201d).<\/p>\n<p>De conformidad con la Ley n\u00ba 2004-801 del 6 de agosto de 2004 relativa a la protecci\u00f3n de las personas en lo que respecta al tratamiento de datos de car\u00e1cter personal, que modifica la Ley n\u00ba 78-17 del 6 de enero de 1978 relativa a la inform\u00e1tica, los archivos y las libertades, el sitio ha sido declarado ante la Comisi\u00f3n Nacional de Inform\u00e1tica y Libertades (CNIL) con el n\u00famero 2120609.<\/p>\n<p>El uso del sitio est\u00e1 sujeto al cumplimiento de las Condiciones Generales de Acceso y Uso detalladas a continuaci\u00f3n y de las leyes aplicables en Francia. Toda persona que acceda al sitio se compromete a respetar dichas Condiciones Generales de Acceso y Uso.<\/p>\n<p><b>Responsabilidades<\/b><\/p>\n<p>El Editor se compromete a garantizar, en la medida de sus posibilidades, la exactitud y actualizaci\u00f3n de la informaci\u00f3n difundida en este sitio, cuyo contenido se reserva el derecho de corregir en cualquier momento y sin previo aviso. No obstante, el Editor no puede garantizar la exactitud, precisi\u00f3n o exhaustividad de la informaci\u00f3n disponible en este sitio. En consecuencia, el Editor declina toda responsabilidad en cuanto a:<\/p>\n<p>&#8211; cualquier interrupci\u00f3n, suspensi\u00f3n o mal funcionamiento del sitio,<\/p>\n<p>&#8211; p\u00e9rdida de datos,<\/p>\n<p>&#8211; aparici\u00f3n de errores (bugs),<\/p>\n<p>&#8211; cualquier inexactitud u omisi\u00f3n relativa a la informaci\u00f3n disponible en el sitio,<\/p>\n<p>&#8211; cualquier da\u00f1o derivado de una intrusi\u00f3n fraudulenta de un tercero, incluidos virus y malware que provoquen la modificaci\u00f3n de la informaci\u00f3n disponible en el sitio.<\/p>\n<p><b>Gesti\u00f3n del sitio<\/b><\/p>\n<p>El Editor se reserva asimismo el derecho de modificar y actualizar, en cualquier momento, el acceso al sitio, as\u00ed como las Condiciones Generales de Acceso y Uso. Dichas modificaciones y actualizaciones son vinculantes para el usuario, quien deber\u00e1 consultar peri\u00f3dicamente esta secci\u00f3n para verificar las Condiciones Generales vigentes.<\/p>\n<p>El Editor se reserva el derecho de modificar y\/o eliminar la totalidad o parte del sitio sin previo aviso y sin tener que informar de ello previamente a los internautas.<\/p>\n<p>El Editor declina toda responsabilidad por las dificultades encontradas durante el acceso a su sitio o por cualquier fallo de comunicaci\u00f3n.<\/p>\n<p><b>Contenido del sitio<\/b><\/p>\n<p>1 \u2013 Propiedad intelectual<\/p>\n<p>Todos los elementos contenidos en este sitio, incluidas marcas, patentes, textos, ilustraciones, fotograf\u00edas, logotipos, esl\u00f3ganes, sonidos, secuencias de v\u00eddeo, software y otros materiales, son propiedad del Editor y\/o de las empresas del Grupo, o est\u00e1n sujetos a autorizaci\u00f3n.<\/p>\n<p>El Editor se reserva todos los derechos de propiedad intelectual (incluidas marcas, patentes, derechos de autor) relativos a dichos elementos. Cualquier reproducci\u00f3n, representaci\u00f3n, uso o modificaci\u00f3n, total o parcial, del sitio, de uno o varios de sus elementos y\/o de las marcas reproducidas en \u00e9l con fines publicitarios y\/o comerciales, sin haber obtenido el consentimiento previo por escrito del Editor, est\u00e1 estrictamente prohibida.<\/p>\n<p>El hecho de que el Editor no inicie procedimientos judiciales en cuanto tenga conocimiento de estos usos no autorizados no constituye aceptaci\u00f3n de dichos usos ni renuncia a emprender acciones judiciales. Ning\u00fan derecho o licencia podr\u00e1 concederse sobre ninguno de estos elementos sin autorizaci\u00f3n escrita del Editor o del titular de los derechos.<\/p>\n<p>No obstante, el usuario est\u00e1 autorizado a representar y\/o reproducir elementos del sitio para un uso exclusivamente privado, siempre que indique de forma sistem\u00e1tica cualquier menci\u00f3n de derechos de autor u otros derechos de propiedad intelectual que puedan figurar en las p\u00e1ginas reproducidas del sitio.<\/p>\n<p>2 \u2013 Base(s) de datos<\/p>\n<p>El Editor proh\u00edbe expresamente cualquier reutilizaci\u00f3n, reproducci\u00f3n o extracci\u00f3n de elementos de las bases de datos contenidas en el sitio, que est\u00e1n protegidas por la Ley del 1 de julio de 1998, que transpone la Directiva Europea del 11 de marzo de 1996 sobre la protecci\u00f3n jur\u00eddica de las bases de datos. Cualquier reutilizaci\u00f3n, reproducci\u00f3n o extracci\u00f3n no autorizada hace responsable al usuario.<\/p>\n<p>3 \u2013 Derecho a la imagen<\/p>\n<p>Los clientes, socios y, en general, cualquier persona representada en las fotos y v\u00eddeos publicados en este sitio han dado su consentimiento para el uso de su imagen en el marco de las campa\u00f1as producidas para Bessac y\/o el Editor, sus marcas, sus empresas o sus socios, clientes, direcci\u00f3n de obra, propietarios de proyectos o subcontratistas.<\/p>\n<p>Los empleados y directivos de Bessac cuya imagen se utiliza en este sitio han dado su consentimiento para el uso de estos documentos iconogr\u00e1ficos en el marco de la comunicaci\u00f3n externa del Grupo.<\/p>\n<p>Ninguna reproducci\u00f3n, representaci\u00f3n o uso de estas fotos y v\u00eddeos puede realizarse por parte de los usuarios del sitio sin el consentimiento previo por escrito del Editor. Cualquier uso, incluso parcial, de estos documentos en violaci\u00f3n de la obligaci\u00f3n antes mencionada expondr\u00e1 a su autor a acciones judiciales.<\/p>\n<p><b>Enlaces de hipertexto<\/b><\/p>\n<p>El sitio puede contener enlaces de hipertexto a otros sitios o fuentes de Internet que no son operados ni controlados por el Editor. El Editor no puede ser considerado responsable de estos sitios, su contenido, su funcionamiento, su actualizaci\u00f3n, su conformidad y exactitud, ni del uso que los usuarios puedan hacer de ellos, incluidos los da\u00f1os causados por virus o malware propagados al conectarse a fuentes externas.<\/p>\n<p>Corresponde a los internautas tomar todas las medidas apropiadas para proteger su equipo, datos o software, en particular contra los virus inform\u00e1ticos que circulan por la red.<\/p>\n<p>Cualquier creaci\u00f3n de enlaces de hipertexto con este sitio est\u00e1 prohibida sin el consentimiento previo por escrito del Editor. El Editor puede rechazar otorgar esta autorizaci\u00f3n sin tener que justificar su decisi\u00f3n. En caso de que el Editor otorgue su autorizaci\u00f3n, \u00e9sta ser\u00e1 temporal y podr\u00e1 ser retirada en cualquier momento, sin obligaci\u00f3n de justificaci\u00f3n.<\/p>\n<p><b>Derecho aplicable<\/b><\/p>\n<p>El sitio web Bessac est\u00e1 redactado en franc\u00e9s, ingl\u00e9s y  espa\u00f1ol. En caso de litigio, prevalecer\u00e1 la versi\u00f3n en franc\u00e9s. Las presentes Condiciones Generales de Acceso y Uso est\u00e1n sujetas al derecho franc\u00e9s. Cualquier litigio relativo a la aplicaci\u00f3n, ejecuci\u00f3n y\/o interpretaci\u00f3n de las presentes Condiciones Generales de Acceso y Uso ser\u00e1 sometido a los tribunales competentes de Par\u00eds, salvo disposici\u00f3n legal o reglamentaria especial que atribuya competencia a otro tribunal.<\/p>\n<p>Bessac se reserva el derecho de emprender acciones judiciales en caso de incumplimiento de cualquiera de estas Condiciones, cualquiera que sea su natural<\/p>\n<\/div>\n<\/div><div class=\"fusion-clearfix\"><\/div><\/div><\/div><\/div><\/div>\n","protected":false},"excerpt":{"rendered":"","protected":false},"author":1,"featured_media":0,"parent":0,"menu_order":0,"comment_status":"closed","ping_status":"closed","template":"","meta":{"_acf_changed":false,"footnotes":""},"class_list":["post-5190","page","type-page","status-publish","hentry"],"aioseo_notices":[],"acf":[],"_links":{"self":[{"href":"https:\/\/www.bessac.com\/es\/wp-json\/wp\/v2\/pages\/5190","targetHints":{"allow":["GET"]}}],"collection":[{"href":"https:\/\/www.bessac.com\/es\/wp-json\/wp\/v2\/pages"}],"about":[{"href":"https:\/\/www.bessac.com\/es\/wp-json\/wp\/v2\/types\/page"}],"author":[{"embeddable":true,"href":"https:\/\/www.bessac.com\/es\/wp-json\/wp\/v2\/users\/1"}],"replies":[{"embeddable":true,"href":"https:\/\/www.bessac.com\/es\/wp-json\/wp\/v2\/comments?post=5190"}],"version-history":[{"count":4,"href":"https:\/\/www.bessac.com\/es\/wp-json\/wp\/v2\/pages\/5190\/revisions"}],"predecessor-version":[{"id":31420,"href":"https:\/\/www.bessac.com\/es\/wp-json\/wp\/v2\/pages\/5190\/revisions\/31420"}],"wp:attachment":[{"href":"https:\/\/www.bessac.com\/es\/wp-json\/wp\/v2\/media?parent=5190"}],"curies":[{"name":"wp","href":"https:\/\/api.w.org\/{rel}","templated":true}]}}